{"id":4530,"date":"2024-07-15T13:54:04","date_gmt":"2024-07-15T11:54:04","guid":{"rendered":"https:\/\/dageloekke.dk\/?page_id=4530"},"modified":"2024-07-25T13:18:50","modified_gmt":"2024-07-25T11:18:50","slug":"events-2","status":"publish","type":"page","link":"https:\/\/dageloekke.dk\/en\/events-2\/","title":{"rendered":"Events"},"content":{"rendered":"<div data-elementor-type=\"wp-page\" data-elementor-id=\"4530\" class=\"elementor elementor-4530\" data-elementor-post-type=\"page\">\n\t\t\t\t\t\t<section class=\"elementor-section elementor-top-section elementor-element elementor-element-8382e29 elementor-section-height-min-height elementor-section-boxed elementor-section-height-default elementor-section-items-middle\" data-id=\"8382e29\" data-element_type=\"section\" data-e-type=\"section\" data-settings=\"{&quot;jet_parallax_layout_list&quot;:[],&quot;background_background&quot;:&quot;classic&quot;}\">\n\t\t\t\t\t\t\t<div class=\"elementor-background-overlay\"><\/div>\n\t\t\t\t\t\t\t<div class=\"elementor-container elementor-column-gap-default\">\n\t\t\t\t\t<div class=\"elementor-column elementor-col-100 elementor-top-column elementor-element elementor-element-82ad285\" data-id=\"82ad285\" data-element_type=\"column\" data-e-type=\"column\">\n\t\t\t<div class=\"elementor-widget-wrap elementor-element-populated\">\n\t\t\t\t\t\t<div class=\"elementor-element elementor-element-4636b65 elementor-widget elementor-widget-heading\" data-id=\"4636b65\" data-element_type=\"widget\" data-e-type=\"widget\" data-widget_type=\"heading.default\">\n\t\t\t\t<div class=\"elementor-widget-container\">\n\t\t\t\t\t<h1 class=\"elementor-heading-title elementor-size-default\">Events and activities<\/h1>\t\t\t\t<\/div>\n\t\t\t\t<\/div>\n\t\t\t\t<div class=\"elementor-element elementor-element-2862d33 elementor-widget__width-initial elementor-widget elementor-widget-text-editor\" data-id=\"2862d33\" data-element_type=\"widget\" data-e-type=\"widget\" data-widget_type=\"text-editor.default\">\n\t\t\t\t<div class=\"elementor-widget-container\">\n\t\t\t\t\t\t\t\t\t<p>Experience the many wonderful activities and ongoing events at Dagel\u00f8kke Harbour<\/p>\t\t\t\t\t\t\t\t<\/div>\n\t\t\t\t<\/div>\n\t\t\t\t\t<\/div>\n\t\t<\/div>\n\t\t\t\t\t<\/div>\n\t\t<\/section>\n\t\t\t\t<section class=\"elementor-section elementor-top-section elementor-element elementor-element-d43cdf0 elementor-section-boxed elementor-section-height-default elementor-section-height-default\" data-id=\"d43cdf0\" data-element_type=\"section\" data-e-type=\"section\" data-settings=\"{&quot;jet_parallax_layout_list&quot;:[]}\">\n\t\t\t\t\t\t<div class=\"elementor-container elementor-column-gap-default\">\n\t\t\t\t\t<div class=\"elementor-column elementor-col-100 elementor-top-column elementor-element elementor-element-9035dbf\" data-id=\"9035dbf\" data-element_type=\"column\" data-e-type=\"column\">\n\t\t\t<div class=\"elementor-widget-wrap elementor-element-populated\">\n\t\t\t\t\t\t<div class=\"elementor-element elementor-element-5b1737c elementor-widget elementor-widget-heading\" data-id=\"5b1737c\" data-element_type=\"widget\" data-e-type=\"widget\" data-widget_type=\"heading.default\">\n\t\t\t\t<div class=\"elementor-widget-container\">\n\t\t\t\t\t<h2 class=\"elementor-heading-title elementor-size-default\">Activities and team building<\/h2>\t\t\t\t<\/div>\n\t\t\t\t<\/div>\n\t\t\t\t\t<\/div>\n\t\t<\/div>\n\t\t\t\t\t<\/div>\n\t\t<\/section>\n\t\t\t\t<section class=\"elementor-section elementor-top-section elementor-element elementor-element-4b9cbca elementor-section-boxed elementor-section-height-default elementor-section-height-default\" data-id=\"4b9cbca\" data-element_type=\"section\" data-e-type=\"section\" data-settings=\"{&quot;jet_parallax_layout_list&quot;:[]}\">\n\t\t\t\t\t\t<div class=\"elementor-container elementor-column-gap-default\">\n\t\t\t\t\t<div class=\"elementor-column elementor-col-100 elementor-top-column elementor-element elementor-element-254f1cc\" data-id=\"254f1cc\" data-element_type=\"column\" data-e-type=\"column\">\n\t\t\t<div class=\"elementor-widget-wrap elementor-element-populated\">\n\t\t\t\t\t\t<div class=\"elementor-element elementor-element-742c984 elementor-widget elementor-widget-text-editor\" data-id=\"742c984\" data-element_type=\"widget\" data-e-type=\"widget\" data-widget_type=\"text-editor.default\">\n\t\t\t\t<div class=\"elementor-widget-container\">\n\t\t\t\t\t\t\t\t\t<p>Here you will find a wealth of exciting opportunities for both private and corporate events. Whether you are looking for action-packed water sports activities or professional team building experiences, there is something for everyone. Experience the unique atmosphere at Dagel\u00f8kke Harbour and create memories that will last.<\/p>\t\t\t\t\t\t\t\t<\/div>\n\t\t\t\t<\/div>\n\t\t\t\t\t<\/div>\n\t\t<\/div>\n\t\t\t\t\t<\/div>\n\t\t<\/section>\n\t\t\t\t<section class=\"elementor-section elementor-top-section elementor-element elementor-element-5533c45 elementor-section-boxed elementor-section-height-default elementor-section-height-default\" data-id=\"5533c45\" data-element_type=\"section\" data-e-type=\"section\" data-settings=\"{&quot;jet_parallax_layout_list&quot;:[],&quot;background_background&quot;:&quot;classic&quot;}\">\n\t\t\t\t\t\t<div class=\"elementor-container elementor-column-gap-default\">\n\t\t\t\t\t<div class=\"elementor-column elementor-col-16 elementor-top-column elementor-element elementor-element-126ab32\" data-id=\"126ab32\" data-element_type=\"column\" data-e-type=\"column\">\n\t\t\t<div class=\"elementor-widget-wrap elementor-element-populated\">\n\t\t\t\t\t\t<div class=\"elementor-element elementor-element-ae11d1a elementor-widget elementor-widget-image\" data-id=\"ae11d1a\" data-element_type=\"widget\" data-e-type=\"widget\" data-widget_type=\"image.default\">\n\t\t\t\t<div class=\"elementor-widget-container\">\n\t\t\t\t\t\t\t\t\t\t\t\t\t\t\t<img fetchpriority=\"high\" decoding=\"async\" width=\"800\" height=\"450\" src=\"https:\/\/dageloekke.dk\/wp-content\/uploads\/2024\/07\/kajak.webp\" class=\"attachment-large size-large wp-image-4587\" alt=\"\" srcset=\"https:\/\/dageloekke.dk\/wp-content\/uploads\/2024\/07\/kajak.webp 987w, https:\/\/dageloekke.dk\/wp-content\/uploads\/2024\/07\/kajak-300x169.webp 300w, https:\/\/dageloekke.dk\/wp-content\/uploads\/2024\/07\/kajak-768x432.webp 768w, https:\/\/dageloekke.dk\/wp-content\/uploads\/2024\/07\/kajak-18x10.webp 18w\" sizes=\"(max-width: 800px) 100vw, 800px\" \/>\t\t\t\t\t\t\t\t\t\t\t\t\t\t\t<\/div>\n\t\t\t\t<\/div>\n\t\t\t\t<div class=\"elementor-element elementor-element-f496f2b elementor-widget elementor-widget-text-editor\" data-id=\"f496f2b\" data-element_type=\"widget\" data-e-type=\"widget\" data-widget_type=\"text-editor.default\">\n\t\t\t\t<div class=\"elementor-widget-container\">\n\t\t\t\t\t\t\t\t\t<h4>Sea kayak<\/h4><p>Explore the coastline and strengthen your bond with an active day on the water in a sea kayak. Perfect for team building and unique group activities.<\/p>\t\t\t\t\t\t\t\t<\/div>\n\t\t\t\t<\/div>\n\t\t\t\t\t<\/div>\n\t\t<\/div>\n\t\t\t\t<div class=\"elementor-column elementor-col-16 elementor-top-column elementor-element elementor-element-dd6b92b\" data-id=\"dd6b92b\" data-element_type=\"column\" data-e-type=\"column\">\n\t\t\t<div class=\"elementor-widget-wrap elementor-element-populated\">\n\t\t\t\t\t\t<div class=\"elementor-element elementor-element-0eb05cc elementor-widget elementor-widget-image\" data-id=\"0eb05cc\" data-element_type=\"widget\" data-e-type=\"widget\" data-widget_type=\"image.default\">\n\t\t\t\t<div class=\"elementor-widget-container\">\n\t\t\t\t\t\t\t\t\t\t\t\t\t\t\t<img decoding=\"async\" width=\"800\" height=\"450\" src=\"https:\/\/dageloekke.dk\/wp-content\/uploads\/2024\/07\/261184_Segway_Langeland.jpg\" class=\"attachment-large size-large wp-image-4588\" alt=\"\" srcset=\"https:\/\/dageloekke.dk\/wp-content\/uploads\/2024\/07\/261184_Segway_Langeland.jpg 1024w, https:\/\/dageloekke.dk\/wp-content\/uploads\/2024\/07\/261184_Segway_Langeland-300x169.jpg 300w, https:\/\/dageloekke.dk\/wp-content\/uploads\/2024\/07\/261184_Segway_Langeland-768x432.jpg 768w, https:\/\/dageloekke.dk\/wp-content\/uploads\/2024\/07\/261184_Segway_Langeland-18x10.jpg 18w\" sizes=\"(max-width: 800px) 100vw, 800px\" \/>\t\t\t\t\t\t\t\t\t\t\t\t\t\t\t<\/div>\n\t\t\t\t<\/div>\n\t\t\t\t<div class=\"elementor-element elementor-element-b81618d elementor-widget elementor-widget-text-editor\" data-id=\"b81618d\" data-element_type=\"widget\" data-e-type=\"widget\" data-widget_type=\"text-editor.default\">\n\t\t\t\t<div class=\"elementor-widget-container\">\n\t\t\t\t\t\t\t\t\t<h4>Segways<\/h4><p>Experience the beach and the area around Dagel\u00f8kke Harbor while you speed away in a fun and different way.\u00a0<\/p>\t\t\t\t\t\t\t\t<\/div>\n\t\t\t\t<\/div>\n\t\t\t\t\t<\/div>\n\t\t<\/div>\n\t\t\t\t<div class=\"elementor-column elementor-col-16 elementor-top-column elementor-element elementor-element-b946f12\" data-id=\"b946f12\" data-element_type=\"column\" data-e-type=\"column\">\n\t\t\t<div class=\"elementor-widget-wrap elementor-element-populated\">\n\t\t\t\t\t\t<div class=\"elementor-element elementor-element-485513d elementor-widget elementor-widget-image\" data-id=\"485513d\" data-element_type=\"widget\" data-e-type=\"widget\" data-widget_type=\"image.default\">\n\t\t\t\t<div class=\"elementor-widget-container\">\n\t\t\t\t\t\t\t\t\t\t\t\t\t\t\t<img decoding=\"async\" width=\"327\" height=\"219\" src=\"https:\/\/dageloekke.dk\/wp-content\/uploads\/2024\/07\/saunagus.jpg\" class=\"attachment-large size-large wp-image-4598\" alt=\"\" srcset=\"https:\/\/dageloekke.dk\/wp-content\/uploads\/2024\/07\/saunagus.jpg 327w, https:\/\/dageloekke.dk\/wp-content\/uploads\/2024\/07\/saunagus-300x201.jpg 300w, https:\/\/dageloekke.dk\/wp-content\/uploads\/2024\/07\/saunagus-18x12.jpg 18w\" sizes=\"(max-width: 327px) 100vw, 327px\" \/>\t\t\t\t\t\t\t\t\t\t\t\t\t\t\t<\/div>\n\t\t\t\t<\/div>\n\t\t\t\t<div class=\"elementor-element elementor-element-69568d3 elementor-widget elementor-widget-text-editor\" data-id=\"69568d3\" data-element_type=\"widget\" data-e-type=\"widget\" data-widget_type=\"text-editor.default\">\n\t\t\t\t<div class=\"elementor-widget-container\">\n\t\t\t\t\t\t\t\t\t<h4>Saunagus<\/h4><p>After a refreshing dip in the sea, you can enjoy the warmth of the sauna and have an experience out of the ordinary.<\/p>\t\t\t\t\t\t\t\t<\/div>\n\t\t\t\t<\/div>\n\t\t\t\t\t<\/div>\n\t\t<\/div>\n\t\t\t\t<div class=\"elementor-column elementor-col-16 elementor-top-column elementor-element elementor-element-16b50fd\" data-id=\"16b50fd\" data-element_type=\"column\" data-e-type=\"column\">\n\t\t\t<div class=\"elementor-widget-wrap elementor-element-populated\">\n\t\t\t\t\t\t<div class=\"elementor-element elementor-element-b278b46 elementor-widget elementor-widget-image\" data-id=\"b278b46\" data-element_type=\"widget\" data-e-type=\"widget\" data-widget_type=\"image.default\">\n\t\t\t\t<div class=\"elementor-widget-container\">\n\t\t\t\t\t\t\t\t\t\t\t\t\t\t\t<img loading=\"lazy\" decoding=\"async\" width=\"327\" height=\"219\" src=\"https:\/\/dageloekke.dk\/wp-content\/uploads\/2024\/07\/sub-board.jpg\" class=\"attachment-large size-large wp-image-4597\" alt=\"\" srcset=\"https:\/\/dageloekke.dk\/wp-content\/uploads\/2024\/07\/sub-board.jpg 327w, https:\/\/dageloekke.dk\/wp-content\/uploads\/2024\/07\/sub-board-300x201.jpg 300w, https:\/\/dageloekke.dk\/wp-content\/uploads\/2024\/07\/sub-board-18x12.jpg 18w\" sizes=\"(max-width: 327px) 100vw, 327px\" \/>\t\t\t\t\t\t\t\t\t\t\t\t\t\t\t<\/div>\n\t\t\t\t<\/div>\n\t\t\t\t<div class=\"elementor-element elementor-element-e286a88 elementor-widget elementor-widget-text-editor\" data-id=\"e286a88\" data-element_type=\"widget\" data-e-type=\"widget\" data-widget_type=\"text-editor.default\">\n\t\t\t\t<div class=\"elementor-widget-container\">\n\t\t\t\t\t\t\t\t\t<h4>SUP paddle board<\/h4><p>A fun way to get some exercise while enjoying the beautiful scenery. Perfect for team building or a fun day on the water.<\/p>\t\t\t\t\t\t\t\t<\/div>\n\t\t\t\t<\/div>\n\t\t\t\t\t<\/div>\n\t\t<\/div>\n\t\t\t\t<div class=\"elementor-column elementor-col-16 elementor-top-column elementor-element elementor-element-fbb2b75\" data-id=\"fbb2b75\" data-element_type=\"column\" data-e-type=\"column\">\n\t\t\t<div class=\"elementor-widget-wrap elementor-element-populated\">\n\t\t\t\t\t\t<div class=\"elementor-element elementor-element-4dc318a elementor-widget elementor-widget-image\" data-id=\"4dc318a\" data-element_type=\"widget\" data-e-type=\"widget\" data-widget_type=\"image.default\">\n\t\t\t\t<div class=\"elementor-widget-container\">\n\t\t\t\t\t\t\t\t\t\t\t\t\t\t\t<img loading=\"lazy\" decoding=\"async\" width=\"800\" height=\"505\" src=\"https:\/\/dageloekke.dk\/wp-content\/uploads\/2024\/07\/H2QibwwWTkC00wP4ICBj_file-1024x646.jpg\" class=\"attachment-large size-large wp-image-4586\" alt=\"\" srcset=\"https:\/\/dageloekke.dk\/wp-content\/uploads\/2024\/07\/H2QibwwWTkC00wP4ICBj_file-1024x646.jpg 1024w, https:\/\/dageloekke.dk\/wp-content\/uploads\/2024\/07\/H2QibwwWTkC00wP4ICBj_file-300x189.jpg 300w, https:\/\/dageloekke.dk\/wp-content\/uploads\/2024\/07\/H2QibwwWTkC00wP4ICBj_file-768x484.jpg 768w, https:\/\/dageloekke.dk\/wp-content\/uploads\/2024\/07\/H2QibwwWTkC00wP4ICBj_file-18x12.jpg 18w, https:\/\/dageloekke.dk\/wp-content\/uploads\/2024\/07\/H2QibwwWTkC00wP4ICBj_file.jpg 1513w\" sizes=\"(max-width: 800px) 100vw, 800px\" \/>\t\t\t\t\t\t\t\t\t\t\t\t\t\t\t<\/div>\n\t\t\t\t<\/div>\n\t\t\t\t<div class=\"elementor-element elementor-element-df48aad elementor-widget elementor-widget-text-editor\" data-id=\"df48aad\" data-element_type=\"widget\" data-e-type=\"widget\" data-widget_type=\"text-editor.default\">\n\t\t\t\t<div class=\"elementor-widget-container\">\n\t\t\t\t\t\t\t\t\t<h4>Meditation and Mindfulness<\/h4><p>\u00a0Experience meditation and mindfulness with guru Henning Daverne. Take a well-deserved break and get into gear with an expert.<\/p>\t\t\t\t\t\t\t\t<\/div>\n\t\t\t\t<\/div>\n\t\t\t\t\t<\/div>\n\t\t<\/div>\n\t\t\t\t<div class=\"elementor-column elementor-col-16 elementor-top-column elementor-element elementor-element-65d039e\" data-id=\"65d039e\" data-element_type=\"column\" data-e-type=\"column\">\n\t\t\t<div class=\"elementor-widget-wrap elementor-element-populated\">\n\t\t\t\t\t\t<div class=\"elementor-element elementor-element-69e14c1 elementor-widget elementor-widget-image\" data-id=\"69e14c1\" data-element_type=\"widget\" data-e-type=\"widget\" data-widget_type=\"image.default\">\n\t\t\t\t<div class=\"elementor-widget-container\">\n\t\t\t\t\t\t\t\t\t\t\t\t\t\t\t<img loading=\"lazy\" decoding=\"async\" width=\"327\" height=\"219\" src=\"https:\/\/dageloekke.dk\/wp-content\/uploads\/2024\/07\/langelandsekspressen.jpg\" class=\"attachment-large size-large wp-image-4596\" alt=\"\" srcset=\"https:\/\/dageloekke.dk\/wp-content\/uploads\/2024\/07\/langelandsekspressen.jpg 327w, https:\/\/dageloekke.dk\/wp-content\/uploads\/2024\/07\/langelandsekspressen-300x201.jpg 300w, https:\/\/dageloekke.dk\/wp-content\/uploads\/2024\/07\/langelandsekspressen-18x12.jpg 18w\" sizes=\"(max-width: 327px) 100vw, 327px\" \/>\t\t\t\t\t\t\t\t\t\t\t\t\t\t\t<\/div>\n\t\t\t\t<\/div>\n\t\t\t\t<div class=\"elementor-element elementor-element-7a97ac8 elementor-widget elementor-widget-text-editor\" data-id=\"7a97ac8\" data-element_type=\"widget\" data-e-type=\"widget\" data-widget_type=\"text-editor.default\">\n\t\t\t\t<div class=\"elementor-widget-container\">\n\t\t\t\t\t\t\t\t\t<h4>Langeland Expressen<\/h4><p>Experience the adrenaline pumping with Langelands Expressen. The action-packed speedboat can reach up to 110 km\/h in just 4 minutes.<\/p>\t\t\t\t\t\t\t\t<\/div>\n\t\t\t\t<\/div>\n\t\t\t\t\t<\/div>\n\t\t<\/div>\n\t\t\t\t\t<\/div>\n\t\t<\/section>\n\t\t\t\t<section class=\"elementor-section elementor-top-section elementor-element elementor-element-b7a8cf6 elementor-section-boxed elementor-section-height-default elementor-section-height-default\" data-id=\"b7a8cf6\" data-element_type=\"section\" data-e-type=\"section\" data-settings=\"{&quot;jet_parallax_layout_list&quot;:[]}\">\n\t\t\t\t\t\t<div class=\"elementor-container elementor-column-gap-default\">\n\t\t\t\t\t<div class=\"elementor-column elementor-col-50 elementor-top-column elementor-element elementor-element-27a3306\" data-id=\"27a3306\" data-element_type=\"column\" data-e-type=\"column\">\n\t\t\t<div class=\"elementor-widget-wrap elementor-element-populated\">\n\t\t\t\t\t\t<div class=\"elementor-element elementor-element-8d9a16b elementor-widget elementor-widget-heading\" data-id=\"8d9a16b\" data-element_type=\"widget\" data-e-type=\"widget\" data-widget_type=\"heading.default\">\n\t\t\t\t<div class=\"elementor-widget-container\">\n\t\t\t\t\t<h2 class=\"elementor-heading-title elementor-size-default\">5-star glamping<\/h2>\t\t\t\t<\/div>\n\t\t\t\t<\/div>\n\t\t\t\t<div class=\"elementor-element elementor-element-ff6a178 elementor-widget elementor-widget-text-editor\" data-id=\"ff6a178\" data-element_type=\"widget\" data-e-type=\"widget\" data-widget_type=\"text-editor.default\">\n\t\t\t\t<div class=\"elementor-widget-container\">\n\t\t\t\t\t\t\t\t\t<p>We offer 5-star glamping accommodation for private events such as a unique and romantic wedding, a memorable birthday or an exclusive corporate event.<\/p><p>Our spacious tents, which comfortably accommodate two people, create a perfect balance between nature and luxury. With space for up to 80 guests, you and your guests can enjoy an unforgettable experience in idyllic surroundings.<\/p>\t\t\t\t\t\t\t\t<\/div>\n\t\t\t\t<\/div>\n\t\t\t\t<div class=\"elementor-element elementor-element-0104114 elementor-widget elementor-widget-button\" data-id=\"0104114\" data-element_type=\"widget\" data-e-type=\"widget\" data-widget_type=\"button.default\">\n\t\t\t\t<div class=\"elementor-widget-container\">\n\t\t\t\t\t\t\t\t\t<div class=\"elementor-button-wrapper\">\n\t\t\t\t\t<a class=\"elementor-button elementor-button-link elementor-size-sm\" href=\"https:\/\/dageloekke.dk\/en\/contact-us\/\" target=\"_blank\">\n\t\t\t\t\t\t<span class=\"elementor-button-content-wrapper\">\n\t\t\t\t\t\t\t\t\t<span class=\"elementor-button-text\">Contact us<\/span>\n\t\t\t\t\t<\/span>\n\t\t\t\t\t<\/a>\n\t\t\t\t<\/div>\n\t\t\t\t\t\t\t\t<\/div>\n\t\t\t\t<\/div>\n\t\t\t\t\t<\/div>\n\t\t<\/div>\n\t\t\t\t<div class=\"elementor-column elementor-col-50 elementor-top-column elementor-element elementor-element-b4185f0\" data-id=\"b4185f0\" data-element_type=\"column\" data-e-type=\"column\">\n\t\t\t<div class=\"elementor-widget-wrap elementor-element-populated\">\n\t\t\t\t\t\t<div class=\"elementor-element elementor-element-21dca83 elementor-widget elementor-widget-image\" data-id=\"21dca83\" data-element_type=\"widget\" data-e-type=\"widget\" data-widget_type=\"image.default\">\n\t\t\t\t<div class=\"elementor-widget-container\">\n\t\t\t\t\t\t\t\t\t\t\t\t\t\t\t<img decoding=\"async\" src=\"https:\/\/dageloekke.dk\/wp-content\/uploads\/elementor\/thumbs\/pexels-cottonbro-5364965_11zon_optimized_optimized-qq4okcky2mxyr17g5l2v3zixqmt9q92pi33mwsxats.jpg\" title=\"pexels-cottonbro-5364965_11zon_optimized_optimized\" alt=\"pexels-cottonbro-5364965_11zon_optimized_optimized\" loading=\"lazy\" \/>\t\t\t\t\t\t\t\t\t\t\t\t\t\t\t<\/div>\n\t\t\t\t<\/div>\n\t\t\t\t\t<\/div>\n\t\t<\/div>\n\t\t\t\t\t<\/div>\n\t\t<\/section>\n\t\t\t\t<section class=\"elementor-section elementor-top-section elementor-element elementor-element-cd9e23f elementor-section-boxed elementor-section-height-default elementor-section-height-default\" data-id=\"cd9e23f\" data-element_type=\"section\" data-e-type=\"section\" data-settings=\"{&quot;jet_parallax_layout_list&quot;:[]}\">\n\t\t\t\t\t\t<div class=\"elementor-container elementor-column-gap-default\">\n\t\t\t\t\t<div class=\"elementor-column elementor-col-100 elementor-top-column elementor-element elementor-element-0c879a7\" data-id=\"0c879a7\" data-element_type=\"column\" data-e-type=\"column\">\n\t\t\t<div class=\"elementor-widget-wrap elementor-element-populated\">\n\t\t\t\t\t\t<div class=\"elementor-element elementor-element-2729aa9 elementor-widget__width-initial elementor-widget-mobile__width-inherit elementor-widget elementor-widget-heading\" data-id=\"2729aa9\" data-element_type=\"widget\" data-e-type=\"widget\" data-widget_type=\"heading.default\">\n\t\t\t\t<div class=\"elementor-widget-container\">\n\t\t\t\t\t<h2 class=\"elementor-heading-title elementor-size-default\">Events at Dagel\u00f8kke Harbour<\/h2>\t\t\t\t<\/div>\n\t\t\t\t<\/div>\n\t\t\t\t<div class=\"elementor-element elementor-element-8f05a6a elementor-widget__width-initial elementor-widget-mobile__width-inherit elementor-widget elementor-widget-text-editor\" data-id=\"8f05a6a\" data-element_type=\"widget\" data-e-type=\"widget\" data-widget_type=\"text-editor.default\">\n\t\t\t\t<div class=\"elementor-widget-container\">\n\t\t\t\t\t\t\t\t\t<p>We are constantly offering exciting events and fantastic happenings that you don&#039;t want to miss! Look forward to highlights such as the beach festival Liv og Glade Dagel\u00f8kke. Keep an eye on the page and help create unforgettable moments at Dagel\u00f8kke Havn.<\/p>\t\t\t\t\t\t\t\t<\/div>\n\t\t\t\t<\/div>\n\t\t\t\t\t<\/div>\n\t\t<\/div>\n\t\t\t\t\t<\/div>\n\t\t<\/section>\n\t\t\t\t<section class=\"elementor-section elementor-top-section elementor-element elementor-element-d11693e elementor-reverse-tablet elementor-reverse-mobile elementor-section-boxed elementor-section-height-default elementor-section-height-default\" data-id=\"d11693e\" data-element_type=\"section\" data-e-type=\"section\" data-settings=\"{&quot;jet_parallax_layout_list&quot;:[]}\">\n\t\t\t\t\t\t<div class=\"elementor-container elementor-column-gap-default\">\n\t\t\t\t\t<div class=\"elementor-column elementor-col-50 elementor-top-column elementor-element elementor-element-d01d739\" data-id=\"d01d739\" data-element_type=\"column\" data-e-type=\"column\">\n\t\t\t<div class=\"elementor-widget-wrap elementor-element-populated\">\n\t\t\t\t\t\t<div class=\"elementor-element elementor-element-2a41ea5 elementor-widget elementor-widget-image\" data-id=\"2a41ea5\" data-element_type=\"widget\" data-e-type=\"widget\" data-widget_type=\"image.default\">\n\t\t\t\t<div class=\"elementor-widget-container\">\n\t\t\t\t\t\t\t\t\t\t\t\t\t\t\t<img decoding=\"async\" src=\"https:\/\/dageloekke.dk\/wp-content\/uploads\/2024\/01\/LGD_24_1080x1080px.jpg\" title=\"LGD_24_1080x1080px\" alt=\"LGD_24_1080x1080px\" loading=\"lazy\" \/>\t\t\t\t\t\t\t\t\t\t\t\t\t\t\t<\/div>\n\t\t\t\t<\/div>\n\t\t\t\t\t<\/div>\n\t\t<\/div>\n\t\t\t\t<div class=\"elementor-column elementor-col-50 elementor-top-column elementor-element elementor-element-dcbaf84\" data-id=\"dcbaf84\" data-element_type=\"column\" data-e-type=\"column\">\n\t\t\t<div class=\"elementor-widget-wrap elementor-element-populated\">\n\t\t\t\t\t\t<div class=\"elementor-element elementor-element-ffa9741 elementor-widget elementor-widget-heading\" data-id=\"ffa9741\" data-element_type=\"widget\" data-e-type=\"widget\" data-widget_type=\"heading.default\">\n\t\t\t\t<div class=\"elementor-widget-container\">\n\t\t\t\t\t<h2 class=\"elementor-heading-title elementor-size-default\">Festival on Langeland<\/h2>\t\t\t\t<\/div>\n\t\t\t\t<\/div>\n\t\t\t\t<div class=\"elementor-element elementor-element-4ab0c8d elementor-widget elementor-widget-text-editor\" data-id=\"4ab0c8d\" data-element_type=\"widget\" data-e-type=\"widget\" data-widget_type=\"text-editor.default\">\n\t\t\t\t<div class=\"elementor-widget-container\">\n\t\t\t\t\t\t\t\t\t<p><strong>July 10 and 11, 2024<\/strong><\/p><p>Experience two days filled with good energy, delicious food, beach, great music and lots of happy people. Our little beach festival with a big heart is a completely unique festival where you can sail to and stay overnight nearby. A festival that offers what life is all about: love, freedom and pure enjoyment of life. Come and feel the atmosphere.<\/p>\t\t\t\t\t\t\t\t<\/div>\n\t\t\t\t<\/div>\n\t\t\t\t<div class=\"elementor-element elementor-element-dcf4e0d elementor-widget elementor-widget-button\" data-id=\"dcf4e0d\" data-element_type=\"widget\" data-e-type=\"widget\" data-widget_type=\"button.default\">\n\t\t\t\t<div class=\"elementor-widget-container\">\n\t\t\t\t\t\t\t\t\t<div class=\"elementor-button-wrapper\">\n\t\t\t\t\t<a class=\"elementor-button elementor-button-link elementor-size-sm\" href=\"https:\/\/livoggladedageloekke.dk\/\" target=\"_blank\">\n\t\t\t\t\t\t<span class=\"elementor-button-content-wrapper\">\n\t\t\t\t\t\t\t\t\t<span class=\"elementor-button-text\">Buy ticket<\/span>\n\t\t\t\t\t<\/span>\n\t\t\t\t\t<\/a>\n\t\t\t\t<\/div>\n\t\t\t\t\t\t\t\t<\/div>\n\t\t\t\t<\/div>\n\t\t\t\t\t<\/div>\n\t\t<\/div>\n\t\t\t\t\t<\/div>\n\t\t<\/section>\n\t\t\t\t<\/div>","protected":false},"excerpt":{"rendered":"<p>Events og aktiviteter Oplev de mange sk\u00f8nne aktiviteter og l\u00f8bende events p\u00e5 Dagel\u00f8kke Havn Aktiviteter og teambuilding Her finder du et v\u00e6ld af sp\u00e6ndende muligheder for b\u00e5de private- og firma arrangementer. Uanset om du s\u00f8ger actionfyldte vandsportsaktiviteter eller professionelle teambuilding oplevelser, s\u00e5 har noget til enhver smag. Oplev den unikke atmosf\u00e6re ved Dagel\u00f8kke Havn og [&hellip;]<\/p>\n","protected":false},"author":2,"featured_media":3801,"parent":0,"menu_order":0,"comment_status":"closed","ping_status":"closed","template":"","meta":{"footnotes":""},"class_list":["post-4530","page","type-page","status-publish","has-post-thumbnail","hentry"],"_links":{"self":[{"href":"https:\/\/dageloekke.dk\/en\/wp-json\/wp\/v2\/pages\/4530","targetHints":{"allow":["GET"]}}],"collection":[{"href":"https:\/\/dageloekke.dk\/en\/wp-json\/wp\/v2\/pages"}],"about":[{"href":"https:\/\/dageloekke.dk\/en\/wp-json\/wp\/v2\/types\/page"}],"author":[{"embeddable":true,"href":"https:\/\/dageloekke.dk\/en\/wp-json\/wp\/v2\/users\/2"}],"replies":[{"embeddable":true,"href":"https:\/\/dageloekke.dk\/en\/wp-json\/wp\/v2\/comments?post=4530"}],"version-history":[{"count":83,"href":"https:\/\/dageloekke.dk\/en\/wp-json\/wp\/v2\/pages\/4530\/revisions"}],"predecessor-version":[{"id":4674,"href":"https:\/\/dageloekke.dk\/en\/wp-json\/wp\/v2\/pages\/4530\/revisions\/4674"}],"wp:featuredmedia":[{"embeddable":true,"href":"https:\/\/dageloekke.dk\/en\/wp-json\/wp\/v2\/media\/3801"}],"wp:attachment":[{"href":"https:\/\/dageloekke.dk\/en\/wp-json\/wp\/v2\/media?parent=4530"}],"curies":[{"name":"wp","href":"https:\/\/api.w.org\/{rel}","templated":true}]}}